{"id":18548,"date":"2020-10-20T12:06:26","date_gmt":"2020-10-20T09:06:26","guid":{"rendered":"http:\/\/univers-imobil.md\/ro\/?page_id=18548"},"modified":"2025-12-30T14:43:38","modified_gmt":"2025-12-30T11:43:38","slug":"despre-noi","status":"publish","type":"page","link":"https:\/\/univers-imobil.md\/ro\/despre-noi\/","title":{"rendered":"Despre noi"},"content":{"rendered":"<p><span style=\"font-size: 12pt; font-family: arial, helvetica, sans-serif;\">Compania de Evaluare \u201eUnivers-Imobil\u201d ofer\u0103 servicii de evaluare a propriet\u0103\u021bilor imobiliare, a transportului \u0219i echipamentelor din 2005 (<a href=\"https:\/\/univers-imobil.md\/wp-content\/uploads\/2016\/08\/certificat-regisrtat-UI.jpg\" target=\"_blank\" rel=\"noopener\">Certificat de \u00eenregistrare<\/a>). Presteaz\u0103 servicii de evaluare, asisten\u021b\u0103 \u00een primire mo\u0219tenirii, consultan\u021b\u0103 \u00een toate aspectele legate de opera\u021biunile cu propriet\u0103\u021bi imobiliare.<\/span><\/p>\n<p><span style=\"font-size: 12pt; font-family: arial, helvetica, sans-serif;\">Reputa\u021bie, calitate, professionalism \u0219i garan\u021bie\u00a0 sunt principiile noastre de baz\u0103 \u00een rela\u021bia cu clien\u021bii no\u0219tri.<\/span><\/p>\n<p><span style=\"font-size: 12pt; font-family: arial, helvetica, sans-serif;\">Profesionalismul angaja\u021bilor no\u0219tri se bazeaz\u0103 pe o bogat\u0103 activitatea practic\u0103 iar competen\u021ba lor \u00a0este confirmat\u0103 prin\u00a0<a href=\"https:\/\/univers-imobil.md\/wp-content\/uploads\/2025\/12\/certif-UI-25-new_25.jpg\"><strong>Certificate de\u00a0 \u201eEvaluator al bunurilor imobile\u201d<\/strong><\/a>, eliberate de Agen\u021bia Rela\u021bii Funciare \u0219i Cadastru.\u00a0<\/span><\/p>\n<p><span style=\"font-size: 12pt; font-family: arial, helvetica, sans-serif;\">De la \u00eenfiin\u021barea companiei noastre, am ob\u021binut <strong><a href=\"https:\/\/univers-imobil.md\/wp-content\/uploads\/2016\/08\/licenta-UI-2.jpg\" target=\"_blank\" rel=\"noopener\">Licen\u021ba<\/a> <\/strong>pentru a desf\u0103\u0219ura Evaluarea propriet\u0103\u021bilor imobiliare.<\/span><\/p>\n<p><span style=\"font-size: 12pt; font-family: arial, helvetica, sans-serif;\">\u00cencep\u00e2nd cu anul 2020, \u00een Republica Moldova nu mai este necesar\u0103 o licen\u021b\u0103 pentru a desf\u0103\u0219ura activit\u0103\u021bi de evaluare, iar calificarea evaluatorului este confirmat\u0103 prin ob\u021binerea unui Certificat dup\u0103 sus\u021binerea unui examen de calificare la Agen\u021bia pentru Rela\u021bii Funciare \u0219i Cadastru din Republica Moldova.<\/span><\/p>\n<p><span style=\"font-size: 12pt; font-family: arial, helvetica, sans-serif;\">Certificatul este un document oficial care atest\u0103 dreptul evaluatorului de a desf\u0103\u0219ura activit\u0103\u021bi profesionale \u00een domeniul evalu\u0103rii propriet\u0103\u021bilor imobiliare.<\/span><\/p>\n<p><span style=\"font-size: 12pt; font-family: arial, helvetica, sans-serif;\">Fi\u021bi siguri c\u0103 evaluatorii no\u0219tri, av\u00e2nd certific\u0103rile corespunz\u0103toare, au trecut prin calific\u0103rile necesare \u0219i au cuno\u0219tin\u021bele \u0219i abilit\u0103\u021bile necesare pentru a efectua evalu\u0103ri profesionale de propriet\u0103\u021bi \u00een Republica Moldova.<\/span><\/p>\n<p><span style=\"font-size: 12pt; font-family: arial, helvetica, sans-serif;\"><strong>Serviciile noastre<\/strong> <\/span><\/p>\n<p><span style=\"font-size: 12pt; font-family: arial, helvetica, sans-serif;\">Apel\u00e2nd la compania \u201eUnivers-Imobil\u201d, pute\u021bi rezolva urm\u0103toarele aspecte legate de opera\u021biunile cu propriet\u0103\u021bi imobiliare:<\/span><\/p>\n<ul>\n<li><span style=\"font-size: 12pt; font-family: arial, helvetica, sans-serif;\">Evaluarea propriet\u0103\u021bilor imobiliare reziden\u021biale, comerciale \u0219i industriale; <\/span><\/li>\n<li><span style=\"font-size: 12pt; font-family: arial, helvetica, sans-serif;\">Evaluarea terenurilor pentru construc\u021bii \u0219i terenurilor agricole; <\/span><\/li>\n<li><span style=\"font-size: 12pt; font-family: arial, helvetica, sans-serif;\">Evaluarea complexelor agroindustriale \u0219i a planta\u021biilor multianuale; <\/span><\/li>\n<li><span style=\"font-size: 12pt; font-family: arial, helvetica, sans-serif;\">Evaluarea transportului \u0219i echipamentelor; <\/span><\/li>\n<li><span style=\"font-size: 12pt; font-family: arial, helvetica, sans-serif;\">Asisten\u021b\u0103 \u00een ob\u021binerea mo\u0219tenirii; <\/span><\/li>\n<li><span style=\"font-size: 12pt; font-family: arial, helvetica, sans-serif;\">Consultan\u021b\u0103 privind opera\u021biunile cu propriet\u0103\u021bi imobiliare. <\/span><\/li>\n<\/ul>\n<p><span style=\"font-size: 12pt; font-family: arial, helvetica, sans-serif;\">Cu peste 20 ani de activitate de succes, compania noastr\u0103 a acumulat o vast\u0103 experien\u021b\u0103. Pute\u021bi s\u0103 ne \u00eencredin\u021ba\u021bi rezolvarea celor mai complexe probleme. V\u0103 garant\u0103m termenele scurte de finalizare a contractulu \u0219i respectarea tuturor aspectelor legale \u0219i vom face tot posibilul c\u0103 cooperarea D-voastr\u0103 cu compania \u201e<strong>Univers-Imobil\u201d<\/strong>\u00a0 s\u0103 fie confortabil\u0103 \u0219i productiv\u0103.<\/span><\/p>\n<p>&nbsp;<\/p>\n","protected":false},"excerpt":{"rendered":"<p>Compania de Evaluare \u201eUnivers-Imobil\u201d ofer\u0103 servicii de evaluare a propriet\u0103\u021bilor imobiliare, a transportului \u0219i echipamentelor din 2005 (Certificat de \u00eenregistrare). Presteaz\u0103 servicii de evaluare, asisten\u021b\u0103 \u00een primire mo\u0219tenirii, consultan\u021b\u0103 \u00een toate aspectele legate de opera\u021biunile cu propriet\u0103\u021bi imobiliare. Reputa\u021bie, calitate, professionalism \u0219i garan\u021bie\u00a0 sunt principiile noastre de baz\u0103 \u00een rela\u021bia cu clien\u021bii no\u0219tri. Profesionalismul angaja\u021bilor no\u0219tri se bazeaz\u0103 pe o bogat\u0103 activitatea practic\u0103 iar &#8230;<\/p>\n","protected":false},"author":3,"featured_media":0,"parent":0,"menu_order":0,"comment_status":"closed","ping_status":"closed","template":"","meta":{"footnotes":""},"yoast_head":"<!-- This site is optimized with the Yoast SEO plugin v22.9 - https:\/\/yoast.com\/wordpress\/plugins\/seo\/ -->\n<title>Despre noi - Compania de evaluare Univers-Imobil Chi\u0219in\u0103u<\/title>\n<meta name=\"description\" content=\"Compania de evaluare Univers-Imobil activeaz\u0103 \u00een domeniul imobiliar din anul 2005. Presteaz\u0103 servicii de evaluare \u0219i cosulta\u021bii imobiliare\" \/>\n<meta name=\"robots\" content=\"index, follow, max-snippet:-1, max-image-preview:large, max-video-preview:-1\" \/>\n<link rel=\"canonical\" href=\"https:\/\/univers-imobil.md\/ro\/despre-noi\/\" \/>\n<meta property=\"og:locale\" content=\"ro_RO\" \/>\n<meta property=\"og:type\" content=\"article\" \/>\n<meta property=\"og:title\" content=\"Despre noi - Compania de evaluare Univers-Imobil Chi\u0219in\u0103u\" \/>\n<meta property=\"og:description\" content=\"Compania de evaluare Univers-Imobil activeaz\u0103 \u00een domeniul imobiliar din anul 2005. Presteaz\u0103 servicii de evaluare \u0219i cosulta\u021bii imobiliare\" \/>\n<meta property=\"og:url\" content=\"https:\/\/univers-imobil.md\/ro\/despre-noi\/\" \/>\n<meta property=\"article:modified_time\" content=\"2025-12-30T11:43:38+00:00\" \/>\n<meta name=\"twitter:card\" content=\"summary_large_image\" \/>\n<meta name=\"twitter:label1\" content=\"Timp estimat pentru citire\" \/>\n\t<meta name=\"twitter:data1\" content=\"2 minute\" \/>\n<script type=\"application\/ld+json\" class=\"yoast-schema-graph\">{\"@context\":\"https:\/\/schema.org\",\"@graph\":[{\"@type\":\"WebPage\",\"@id\":\"https:\/\/univers-imobil.md\/ro\/despre-noi\/\",\"url\":\"https:\/\/univers-imobil.md\/ro\/despre-noi\/\",\"name\":\"Despre noi - Compania de evaluare Univers-Imobil Chi\u0219in\u0103u\",\"isPartOf\":{\"@id\":\"https:\/\/univers-imobil.md\/ro\/#website\"},\"datePublished\":\"2020-10-20T09:06:26+00:00\",\"dateModified\":\"2025-12-30T11:43:38+00:00\",\"description\":\"Compania de evaluare Univers-Imobil activeaz\u0103 \u00een domeniul imobiliar din anul 2005. Presteaz\u0103 servicii de evaluare \u0219i cosulta\u021bii imobiliare\",\"breadcrumb\":{\"@id\":\"https:\/\/univers-imobil.md\/ro\/despre-noi\/#breadcrumb\"},\"inLanguage\":\"ro-RO\",\"potentialAction\":[{\"@type\":\"ReadAction\",\"target\":[\"https:\/\/univers-imobil.md\/ro\/despre-noi\/\"]}]},{\"@type\":\"BreadcrumbList\",\"@id\":\"https:\/\/univers-imobil.md\/ro\/despre-noi\/#breadcrumb\",\"itemListElement\":[{\"@type\":\"ListItem\",\"position\":1,\"name\":\"Acas\u0103\",\"item\":\"https:\/\/univers-imobil.md\/ro\/\"},{\"@type\":\"ListItem\",\"position\":2,\"name\":\"Despre noi\"}]},{\"@type\":\"WebSite\",\"@id\":\"https:\/\/univers-imobil.md\/ro\/#website\",\"url\":\"https:\/\/univers-imobil.md\/ro\/\",\"name\":\"\",\"description\":\"\",\"potentialAction\":[{\"@type\":\"SearchAction\",\"target\":{\"@type\":\"EntryPoint\",\"urlTemplate\":\"https:\/\/univers-imobil.md\/ro\/?s={search_term_string}\"},\"query-input\":\"required name=search_term_string\"}],\"inLanguage\":\"ro-RO\"}]}<\/script>\n<!-- \/ Yoast SEO plugin. -->","yoast_head_json":{"title":"Despre noi - Compania de evaluare Univers-Imobil Chi\u0219in\u0103u","description":"Compania de evaluare Univers-Imobil activeaz\u0103 \u00een domeniul imobiliar din anul 2005. Presteaz\u0103 servicii de evaluare \u0219i cosulta\u021bii imobiliare","robots":{"index":"index","follow":"follow","max-snippet":"max-snippet:-1","max-image-preview":"max-image-preview:large","max-video-preview":"max-video-preview:-1"},"canonical":"https:\/\/univers-imobil.md\/ro\/despre-noi\/","og_locale":"ro_RO","og_type":"article","og_title":"Despre noi - Compania de evaluare Univers-Imobil Chi\u0219in\u0103u","og_description":"Compania de evaluare Univers-Imobil activeaz\u0103 \u00een domeniul imobiliar din anul 2005. Presteaz\u0103 servicii de evaluare \u0219i cosulta\u021bii imobiliare","og_url":"https:\/\/univers-imobil.md\/ro\/despre-noi\/","article_modified_time":"2025-12-30T11:43:38+00:00","twitter_card":"summary_large_image","twitter_misc":{"Timp estimat pentru citire":"2 minute"},"schema":{"@context":"https:\/\/schema.org","@graph":[{"@type":"WebPage","@id":"https:\/\/univers-imobil.md\/ro\/despre-noi\/","url":"https:\/\/univers-imobil.md\/ro\/despre-noi\/","name":"Despre noi - Compania de evaluare Univers-Imobil Chi\u0219in\u0103u","isPartOf":{"@id":"https:\/\/univers-imobil.md\/ro\/#website"},"datePublished":"2020-10-20T09:06:26+00:00","dateModified":"2025-12-30T11:43:38+00:00","description":"Compania de evaluare Univers-Imobil activeaz\u0103 \u00een domeniul imobiliar din anul 2005. Presteaz\u0103 servicii de evaluare \u0219i cosulta\u021bii imobiliare","breadcrumb":{"@id":"https:\/\/univers-imobil.md\/ro\/despre-noi\/#breadcrumb"},"inLanguage":"ro-RO","potentialAction":[{"@type":"ReadAction","target":["https:\/\/univers-imobil.md\/ro\/despre-noi\/"]}]},{"@type":"BreadcrumbList","@id":"https:\/\/univers-imobil.md\/ro\/despre-noi\/#breadcrumb","itemListElement":[{"@type":"ListItem","position":1,"name":"Acas\u0103","item":"https:\/\/univers-imobil.md\/ro\/"},{"@type":"ListItem","position":2,"name":"Despre noi"}]},{"@type":"WebSite","@id":"https:\/\/univers-imobil.md\/ro\/#website","url":"https:\/\/univers-imobil.md\/ro\/","name":"","description":"","potentialAction":[{"@type":"SearchAction","target":{"@type":"EntryPoint","urlTemplate":"https:\/\/univers-imobil.md\/ro\/?s={search_term_string}"},"query-input":"required name=search_term_string"}],"inLanguage":"ro-RO"}]}},"_links":{"self":[{"href":"https:\/\/univers-imobil.md\/ro\/wp-json\/wp\/v2\/pages\/18548"}],"collection":[{"href":"https:\/\/univers-imobil.md\/ro\/wp-json\/wp\/v2\/pages"}],"about":[{"href":"https:\/\/univers-imobil.md\/ro\/wp-json\/wp\/v2\/types\/page"}],"author":[{"embeddable":true,"href":"https:\/\/univers-imobil.md\/ro\/wp-json\/wp\/v2\/users\/3"}],"replies":[{"embeddable":true,"href":"https:\/\/univers-imobil.md\/ro\/wp-json\/wp\/v2\/comments?post=18548"}],"version-history":[{"count":18,"href":"https:\/\/univers-imobil.md\/ro\/wp-json\/wp\/v2\/pages\/18548\/revisions"}],"predecessor-version":[{"id":25637,"href":"https:\/\/univers-imobil.md\/ro\/wp-json\/wp\/v2\/pages\/18548\/revisions\/25637"}],"wp:attachment":[{"href":"https:\/\/univers-imobil.md\/ro\/wp-json\/wp\/v2\/media?parent=18548"}],"curies":[{"name":"wp","href":"https:\/\/api.w.org\/{rel}","templated":true}]}}