{"id":18581,"date":"2020-08-20T13:46:14","date_gmt":"2020-08-20T10:46:14","guid":{"rendered":"http:\/\/univers-imobil.md\/ro\/?page_id=18581"},"modified":"2025-12-30T14:51:52","modified_gmt":"2025-12-30T11:51:52","slug":"evaluarea-transportului","status":"publish","type":"page","link":"https:\/\/univers-imobil.md\/ro\/evaluarea-transportului\/","title":{"rendered":"Evaluarea transportului \u0219i utilajului"},"content":{"rendered":"<div class=\"wpb-content-wrapper\"><p>[vc_row][vc_column][vc_column_text]<span style=\"font-size: 12pt; font-family: arial, helvetica, sans-serif;\">\u00centreprinderea de evaluare <\/span><span style=\"font-size: 12pt; font-family: arial, helvetica, sans-serif; color: #333333;\">Univers-Imobil acord\u0103 <strong>servicii de evaluare a costului transportului, utilajului \u015fi echipamentului.<\/strong> Acest serviciu li se propune \u00eentreprinderilor \u015fi poate rezolva multe \u00eentreb\u0103ri ce \u0163in de stabilirea corect\u0103 a pre\u0163urilor activelor \u00een cazurile urm\u0103toare:<\/span><\/p>\n<ul>\n<li><span style=\"font-size: 12pt; font-family: arial, helvetica, sans-serif; color: #333333;\">V\u00e2nzare-cump\u0103rare activelor;<\/span><\/li>\n<li><span style=\"font-size: 12pt; font-family: arial, helvetica, sans-serif; color: #333333;\">Ad\u0103ugarea activului la capitalul social;<\/span><\/li>\n<li><span style=\"font-size: 12pt; font-family: arial, helvetica, sans-serif; color: #333333;\">Formarea de contabilitate a bazei impozitare;<\/span><\/li>\n<li><span style=\"font-size: 12pt; font-family: arial, helvetica, sans-serif; color: #333333;\">Reevaluarea fondurilor de baz\u0103;<\/span><\/li>\n<li><span style=\"font-size: 12pt; font-family: arial, helvetica, sans-serif; color: #333333;\">Predarea activelor \u00een arend\u0103 \u015fi\/sau transmiterea activelor \u00een gestionarea de \u00eencredere;<\/span><\/li>\n<li><span style=\"font-size: 12pt; font-family: arial, helvetica, sans-serif; color: #333333;\">Primirea creditului garantat de active:<\/span><\/li>\n<li><span style=\"font-size: 12pt; font-family: arial, helvetica, sans-serif; color: #333333;\">Calculul taxei la importul echipamentului \u015fi transportului str\u0103in;<\/span><\/li>\n<li><span style=\"font-size: 12pt; font-family: arial, helvetica, sans-serif; color: #333333;\">Efectuarea diviz\u0103rii activului la reorganizare;<\/span><\/li>\n<li><span style=\"font-size: 12pt; font-family: arial, helvetica, sans-serif; color: #333333;\">Petrecerea ac\u0163iunilor de faliment \u015fi de lichidare a \u00eentreprinderii;<\/span><\/li>\n<li><span style=\"font-size: 12pt; font-family: arial, helvetica, sans-serif; color: #333333;\">Justificarea pre\u0163ului \u00een proiectele de \u00eenvesti\u0163ii\u00a0\u015f.a.<\/span><\/li>\n<\/ul>\n<p><span style=\"font-size: 12pt; font-family: arial, helvetica, sans-serif; color: #333333;\">Costul servicilor de evaluare se stabilesc la fiecare caz \u00een parte \u015fi depinde de scopul evalu\u0103rii \u015fi parametrii obiectului estimat.<\/span><\/p>\n<p><span style=\"font-size: 12pt; font-family: arial, helvetica, sans-serif; color: #333333;\">Dac\u0103 Dvs. ave\u0163i a\u015fa \u00eentreb\u0103ri ca:<\/span><\/p>\n<ul>\n<li><span style=\"font-size: 12pt; font-family: arial, helvetica, sans-serif; color: #333333;\">termenul de preg\u0103tire a raportului de evaluare;<\/span><\/li>\n<li><span style=\"font-size: 12pt; font-family: arial, helvetica, sans-serif; color: #333333;\">costul serviciilor de evaluare;<\/span><\/li>\n<li><span style=\"font-size: 12pt; font-family: arial, helvetica, sans-serif; color: #333333;\">lista de documente necesar\u0103,\u00a0<\/span><\/li>\n<\/ul>\n<p style=\"text-align: center;\"><span style=\"font-size: 18pt; font-family: 'times new roman', times, serif;\"><strong><a href=\"tel:+37379342645\">CONTACTA\u021aI EVALUATORUL +373-79-34-26-45<\/a><\/strong><\/span><\/p>\n<p>&nbsp;<\/p>\n<\/div>","protected":false},"excerpt":{"rendered":"<p>[vc_row][vc_column][vc_column_text]\u00centreprinderea de evaluare Univers-Imobil acord\u0103 servicii de evaluare a costului transportului, utilajului \u015fi echipamentului. Acest serviciu li se propune \u00eentreprinderilor \u015fi poate rezolva multe \u00eentreb\u0103ri ce \u0163in de stabilirea corect\u0103 a pre\u0163urilor activelor \u00een cazurile urm\u0103toare: V\u00e2nzare-cump\u0103rare activelor; Ad\u0103ugarea activului la capitalul social; Formarea de contabilitate a bazei impozitare; Reevaluarea fondurilor de baz\u0103; Predarea activelor \u00een arend\u0103 \u015fi\/sau transmiterea activelor \u00een gestionarea de \u00eencredere; &#8230;<\/p>\n","protected":false},"author":3,"featured_media":0,"parent":0,"menu_order":0,"comment_status":"closed","ping_status":"closed","template":"","meta":{"footnotes":""},"yoast_head":"<!-- This site is optimized with the Yoast SEO plugin v22.9 - https:\/\/yoast.com\/wordpress\/plugins\/seo\/ -->\n<title>Evaluarea transportului \u0219i utilajului \u00een Chi\u0219in\u0103u \u2013 Univess-Imobil<\/title>\n<meta name=\"description\" content=\"\u00centreprinderea de evaluare acord\u0103 servicii de evaluare a transportului, utilajului \u015fi echipamentului, tel. +373-69-13-13-04, +373-79-34-26-45\" \/>\n<meta name=\"robots\" content=\"index, follow, max-snippet:-1, max-image-preview:large, max-video-preview:-1\" \/>\n<link rel=\"canonical\" href=\"https:\/\/univers-imobil.md\/ro\/evaluarea-transportului\/\" \/>\n<meta property=\"og:locale\" content=\"ro_RO\" \/>\n<meta property=\"og:type\" content=\"article\" \/>\n<meta property=\"og:title\" content=\"Evaluarea transportului \u0219i utilajului \u00een Chi\u0219in\u0103u \u2013 Univess-Imobil\" \/>\n<meta property=\"og:description\" content=\"\u00centreprinderea de evaluare acord\u0103 servicii de evaluare a transportului, utilajului \u015fi echipamentului, tel. +373-69-13-13-04, +373-79-34-26-45\" \/>\n<meta property=\"og:url\" content=\"https:\/\/univers-imobil.md\/ro\/evaluarea-transportului\/\" \/>\n<meta property=\"article:modified_time\" content=\"2025-12-30T11:51:52+00:00\" \/>\n<meta name=\"twitter:card\" content=\"summary_large_image\" \/>\n<meta name=\"twitter:label1\" content=\"Timp estimat pentru citire\" \/>\n\t<meta name=\"twitter:data1\" content=\"1 minut\" \/>\n<script type=\"application\/ld+json\" class=\"yoast-schema-graph\">{\"@context\":\"https:\/\/schema.org\",\"@graph\":[{\"@type\":\"WebPage\",\"@id\":\"https:\/\/univers-imobil.md\/ro\/evaluarea-transportului\/\",\"url\":\"https:\/\/univers-imobil.md\/ro\/evaluarea-transportului\/\",\"name\":\"Evaluarea transportului \u0219i utilajului \u00een Chi\u0219in\u0103u \u2013 Univess-Imobil\",\"isPartOf\":{\"@id\":\"https:\/\/univers-imobil.md\/ro\/#website\"},\"datePublished\":\"2020-08-20T10:46:14+00:00\",\"dateModified\":\"2025-12-30T11:51:52+00:00\",\"description\":\"\u00centreprinderea de evaluare acord\u0103 servicii de evaluare a transportului, utilajului \u015fi echipamentului, tel. +373-69-13-13-04, +373-79-34-26-45\",\"breadcrumb\":{\"@id\":\"https:\/\/univers-imobil.md\/ro\/evaluarea-transportului\/#breadcrumb\"},\"inLanguage\":\"ro-RO\",\"potentialAction\":[{\"@type\":\"ReadAction\",\"target\":[\"https:\/\/univers-imobil.md\/ro\/evaluarea-transportului\/\"]}]},{\"@type\":\"BreadcrumbList\",\"@id\":\"https:\/\/univers-imobil.md\/ro\/evaluarea-transportului\/#breadcrumb\",\"itemListElement\":[{\"@type\":\"ListItem\",\"position\":1,\"name\":\"Acas\u0103\",\"item\":\"https:\/\/univers-imobil.md\/ro\/\"},{\"@type\":\"ListItem\",\"position\":2,\"name\":\"Evaluarea transportului \u0219i utilajului\"}]},{\"@type\":\"WebSite\",\"@id\":\"https:\/\/univers-imobil.md\/ro\/#website\",\"url\":\"https:\/\/univers-imobil.md\/ro\/\",\"name\":\"\",\"description\":\"\",\"potentialAction\":[{\"@type\":\"SearchAction\",\"target\":{\"@type\":\"EntryPoint\",\"urlTemplate\":\"https:\/\/univers-imobil.md\/ro\/?s={search_term_string}\"},\"query-input\":\"required name=search_term_string\"}],\"inLanguage\":\"ro-RO\"}]}<\/script>\n<!-- \/ Yoast SEO plugin. -->","yoast_head_json":{"title":"Evaluarea transportului \u0219i utilajului \u00een Chi\u0219in\u0103u \u2013 Univess-Imobil","description":"\u00centreprinderea de evaluare acord\u0103 servicii de evaluare a transportului, utilajului \u015fi echipamentului, tel. +373-69-13-13-04, +373-79-34-26-45","robots":{"index":"index","follow":"follow","max-snippet":"max-snippet:-1","max-image-preview":"max-image-preview:large","max-video-preview":"max-video-preview:-1"},"canonical":"https:\/\/univers-imobil.md\/ro\/evaluarea-transportului\/","og_locale":"ro_RO","og_type":"article","og_title":"Evaluarea transportului \u0219i utilajului \u00een Chi\u0219in\u0103u \u2013 Univess-Imobil","og_description":"\u00centreprinderea de evaluare acord\u0103 servicii de evaluare a transportului, utilajului \u015fi echipamentului, tel. +373-69-13-13-04, +373-79-34-26-45","og_url":"https:\/\/univers-imobil.md\/ro\/evaluarea-transportului\/","article_modified_time":"2025-12-30T11:51:52+00:00","twitter_card":"summary_large_image","twitter_misc":{"Timp estimat pentru citire":"1 minut"},"schema":{"@context":"https:\/\/schema.org","@graph":[{"@type":"WebPage","@id":"https:\/\/univers-imobil.md\/ro\/evaluarea-transportului\/","url":"https:\/\/univers-imobil.md\/ro\/evaluarea-transportului\/","name":"Evaluarea transportului \u0219i utilajului \u00een Chi\u0219in\u0103u \u2013 Univess-Imobil","isPartOf":{"@id":"https:\/\/univers-imobil.md\/ro\/#website"},"datePublished":"2020-08-20T10:46:14+00:00","dateModified":"2025-12-30T11:51:52+00:00","description":"\u00centreprinderea de evaluare acord\u0103 servicii de evaluare a transportului, utilajului \u015fi echipamentului, tel. +373-69-13-13-04, +373-79-34-26-45","breadcrumb":{"@id":"https:\/\/univers-imobil.md\/ro\/evaluarea-transportului\/#breadcrumb"},"inLanguage":"ro-RO","potentialAction":[{"@type":"ReadAction","target":["https:\/\/univers-imobil.md\/ro\/evaluarea-transportului\/"]}]},{"@type":"BreadcrumbList","@id":"https:\/\/univers-imobil.md\/ro\/evaluarea-transportului\/#breadcrumb","itemListElement":[{"@type":"ListItem","position":1,"name":"Acas\u0103","item":"https:\/\/univers-imobil.md\/ro\/"},{"@type":"ListItem","position":2,"name":"Evaluarea transportului \u0219i utilajului"}]},{"@type":"WebSite","@id":"https:\/\/univers-imobil.md\/ro\/#website","url":"https:\/\/univers-imobil.md\/ro\/","name":"","description":"","potentialAction":[{"@type":"SearchAction","target":{"@type":"EntryPoint","urlTemplate":"https:\/\/univers-imobil.md\/ro\/?s={search_term_string}"},"query-input":"required name=search_term_string"}],"inLanguage":"ro-RO"}]}},"_links":{"self":[{"href":"https:\/\/univers-imobil.md\/ro\/wp-json\/wp\/v2\/pages\/18581"}],"collection":[{"href":"https:\/\/univers-imobil.md\/ro\/wp-json\/wp\/v2\/pages"}],"about":[{"href":"https:\/\/univers-imobil.md\/ro\/wp-json\/wp\/v2\/types\/page"}],"author":[{"embeddable":true,"href":"https:\/\/univers-imobil.md\/ro\/wp-json\/wp\/v2\/users\/3"}],"replies":[{"embeddable":true,"href":"https:\/\/univers-imobil.md\/ro\/wp-json\/wp\/v2\/comments?post=18581"}],"version-history":[{"count":18,"href":"https:\/\/univers-imobil.md\/ro\/wp-json\/wp\/v2\/pages\/18581\/revisions"}],"predecessor-version":[{"id":25641,"href":"https:\/\/univers-imobil.md\/ro\/wp-json\/wp\/v2\/pages\/18581\/revisions\/25641"}],"wp:attachment":[{"href":"https:\/\/univers-imobil.md\/ro\/wp-json\/wp\/v2\/media?parent=18581"}],"curies":[{"name":"wp","href":"https:\/\/api.w.org\/{rel}","templated":true}]}}